{"id":571,"date":"2025-12-11T19:41:39","date_gmt":"2025-12-11T22:41:39","guid":{"rendered":"https:\/\/www.vertaz.com.br\/aurum-brasil\/?page_id=571"},"modified":"2025-12-11T19:43:49","modified_gmt":"2025-12-11T22:43:49","slug":"termos-e-especificacoes","status":"publish","type":"page","link":"https:\/\/www.vertaz.com.br\/aurum-brasil\/termos-e-especificacoes\/","title":{"rendered":"Termos e Especifica\u00e7\u00f5es"},"content":{"rendered":"<style>.elementor-571 .elementor-element.elementor-element-947c310{--display:flex;--margin-top:80px;--margin-bottom:0px;--margin-left:0px;--margin-right:0px;--padding-top:100px;--padding-bottom:0px;--padding-left:0px;--padding-right:0px;overflow:visible;}.elementor-571 .elementor-element.elementor-element-9197a15{text-align:center;margin:2em 2em calc(var(--kit-widget-spacing, 0px) + 2em) 2em;}.elementor-571 .elementor-element.elementor-element-9197a15 .elementor-heading-title{font-family:var( --e-global-typography-8cace19-font-family ), Sans-serif;font-size:var( --e-global-typography-8cace19-font-size );font-weight:var( --e-global-typography-8cace19-font-weight );text-transform:var( --e-global-typography-8cace19-text-transform );line-height:var( --e-global-typography-8cace19-line-height );letter-spacing:var( --e-global-typography-8cace19-letter-spacing );word-spacing:var( --e-global-typography-8cace19-word-spacing );color:var( --e-global-color-870a57e );}.elementor-571 .elementor-element.elementor-element-876892e{--display:flex;--padding-top:0vw;--padding-bottom:0vw;--padding-left:0vw;--padding-right:0vw;overflow:visible;}.elementor-571 .elementor-element.elementor-element-a540d28{text-align:start;font-family:\"Poppins\", Sans-serif;font-size:16px;font-weight:400;text-transform:none;text-decoration:none;line-height:1.8em;border-style:solid;border-width:10px 010px 0px 0px;border-color:var( --e-global-color-870a57e );}.elementor-571 .elementor-element.elementor-element-a540d28 p{margin-block-end:0px;}@media(max-width:1024px){.elementor-571 .elementor-element.elementor-element-947c310{--margin-top:-160px;--margin-bottom:0px;--margin-left:0px;--margin-right:0px;--padding-top:120px;--padding-bottom:0px;--padding-left:0px;--padding-right:0px;}.elementor-571 .elementor-element.elementor-element-9197a15 .elementor-heading-title{font-size:var( --e-global-typography-8cace19-font-size );line-height:var( --e-global-typography-8cace19-line-height );letter-spacing:var( --e-global-typography-8cace19-letter-spacing );word-spacing:var( --e-global-typography-8cace19-word-spacing );}.elementor-571 .elementor-element.elementor-element-a540d28{font-size:12px;line-height:1.6em;}}@media(max-width:767px){.elementor-571 .elementor-element.elementor-element-947c310{--gap:0px 0px;--row-gap:0px;--column-gap:0px;--margin-top:0px;--margin-bottom:0px;--margin-left:0px;--margin-right:0px;--padding-top:150px;--padding-bottom:0px;--padding-left:0px;--padding-right:0px;}.elementor-571 .elementor-element.elementor-element-9197a15 .elementor-heading-title{font-size:var( --e-global-typography-8cace19-font-size );line-height:var( --e-global-typography-8cace19-line-height );letter-spacing:var( --e-global-typography-8cace19-letter-spacing );word-spacing:var( --e-global-typography-8cace19-word-spacing );}.elementor-571 .elementor-element.elementor-element-9197a15{margin:0em 0em calc(var(--kit-widget-spacing, 0px) + 0em) 0em;padding:30px 0px 10px 0px;width:100%;max-width:100%;}.elementor-571 .elementor-element.elementor-element-a540d28{line-height:1.6em;}}\/* Start custom CSS for text-editor, class: .elementor-element-a540d28 *\/.vtz-ol {\n  list-style: none; \/* Removes default numbering *\/\n  counter-reset: custom-counter;\n  padding: 0 10% 0 0;\n  margin: 0;\n  background-image: linear-gradient(90deg, #006D47 15%, #E4DEC800 15%, #E4DEC800 90%, #006D47 90%)\n}\n\n.vtz-ol li {\n     display: flex;\n    align-items: flex-start;\n    counter-increment: custom-counter;\n    padding: 1vmax 1vmax 1vmax 0;\n    gap: 1vmax;\n    border-bottom: solid 10px #006D47;\n    border-right: solid 10px #006D47;\n    color: #006D47;\n}\n\n.vtz-ol li::before {\n    content: counter(custom-counter) \"\u21e2\";\n    flex: 0 0 15vw;\n    text-align: right;\n    font-size: 2em;\n    color: #FAA21E;\n    font-weight: 800;\n    align-self: center;\n}\/* End custom CSS *\/<\/style>\t\t<div data-elementor-type=\"wp-page\" data-elementor-id=\"571\" class=\"elementor elementor-571\" data-elementor-post-type=\"page\">\n\t\t\t\t<div class=\"elementor-element elementor-element-947c310 e-con-full e-flex e-con e-parent\" data-id=\"947c310\" data-element_type=\"container\" data-e-type=\"container\" data-settings=\"{&quot;background_background&quot;:&quot;classic&quot;,&quot;ekit_has_onepagescroll_dot&quot;:&quot;yes&quot;}\">\n\t\t\t\t<div class=\"elementor-element elementor-element-9197a15 elementor-widget-mobile__width-inherit elementor-widget elementor-widget-heading\" data-id=\"9197a15\" data-element_type=\"widget\" data-e-type=\"widget\" data-settings=\"{&quot;ekit_we_effect_on&quot;:&quot;none&quot;}\" data-widget_type=\"heading.default\">\n\t\t\t\t\t<h2 class=\"elementor-heading-title elementor-size-default\">TERMOS E ESPECIFICA\u00c7\u00d5ES<\/h2>\t\t\t\t<\/div>\n\t\t\t\t<\/div>\n\t\t<div class=\"elementor-element elementor-element-876892e e-con-full e-flex e-con e-parent\" data-id=\"876892e\" data-element_type=\"container\" data-e-type=\"container\" data-settings=\"{&quot;background_background&quot;:&quot;gradient&quot;,&quot;ekit_has_onepagescroll_dot&quot;:&quot;yes&quot;}\">\n\t\t\t\t<div class=\"elementor-element elementor-element-a540d28 elementor-widget elementor-widget-text-editor\" data-id=\"a540d28\" data-element_type=\"widget\" data-e-type=\"widget\" data-settings=\"{&quot;ekit_we_effect_on&quot;:&quot;none&quot;}\" data-widget_type=\"text-editor.default\">\n\t\t\t\t\t\t\t\t\t<ol class=\"vtz-ol\">\n    <li><i>Todas as imagens e perspectivas s\u00e3o meramente ilustrativas, podendo sofrer altera\u00e7\u00f5es, inclusive quanto \u00e0 forma, cor, textura e tamanho, prevalece o exposto no memorial de incorpora\u00e7\u00e3o, memoriais descritivos da institui\u00e7\u00e3o financeira (se for o caso), memorial descritivo do contrato e projeto aprovado pela municipalidade.<\/i><\/li>\n    <li><i>O mobili\u00e1rio \u00e9 meramente sugestivo e ilustrativo, n\u00e3o faz parte do im\u00f3vel.<\/i><\/li>\n    <li><i>Consulte valores, disponibilidade das unidades, renda m\u00ednima, valor de entrada e condi\u00e7\u00f5es de financiamento.<\/i><\/li>\n    <li><i>As \u00e1reas comuns ser\u00e3o entregues equipadas, sendo as imagens meramente ilustrativas. M\u00f3veis, mobili\u00e1rios, itens decorativos, pinturas e etc, poder\u00e3o sofrer altera\u00e7\u00f5es de tamanho, cor, forma e modelo, conforme disponibilidade e viabilidade de mercado. Consulte o memorial descritivo com os itens m\u00ednimos que ir\u00e3o compor os ambientes.<\/i><\/li>\n    <li><i>Lavanderia Compartilhada: as imagens s\u00e3o meramente ilustrativas. Consulte o memorial descritivo com os itens m\u00ednimos que ir\u00e3o compor os ambientes. O fornecimento dos equipamentos e servi\u00e7os da lavanderia poder\u00e3o depender da viabiliza\u00e7\u00e3o de empresa terceirizada, por consigna\u00e7\u00e3o, atrav\u00e9s da contrata\u00e7\u00e3o junto ao condom\u00ednio, portanto depender\u00e1 da aceita\u00e7\u00e3o dos termos pela administra\u00e7\u00e3o futura do condom\u00ednio.<\/i><\/li>\n    <li><i>Sistema para Portaria Eletr\u00f4nica, trata-se de um sistema que ser\u00e1 entregue j\u00e1 instalado, que permitir\u00e1 a opera\u00e7\u00e3o da portaria por meio eletr\u00f4nico, portanto, seu funcionamento, manuten\u00e7\u00e3o e opera\u00e7\u00e3o ser\u00e1 opcional e de responsabilidade do condom\u00ednio. O Controle de Acesso eletr\u00f4nico de acesso poder\u00e1 se dar por token, cart\u00e3o, senha, reconhecimento facial, ou outra forma optada pela construtora.<\/i><\/li>\n    <li><i>Sistema de monitoramento, trata-se de Circuito de C\u00e2meras de Seguran\u00e7a, com c\u00e2meras e alarme que ser\u00e3o entregues instalados. A contrata\u00e7\u00e3o de empresas de monitoramento e gerenciamento de seguran\u00e7a ser\u00e3o de responsabilidade e \u00e0s custas do condom\u00ednio. Portanto, seu funcionamento, manuten\u00e7\u00e3o e opera\u00e7\u00e3o ser\u00e1 opcional e de responsabilidade do condom\u00ednio. Sua utiliza\u00e7\u00e3o poder\u00e1 depender da contrata\u00e7\u00e3o de Internet pelo condom\u00ednio.<\/i><\/li>\n    <li><i>Consulte o memorial descritivo de acabamentos e os itens que comp\u00f5em o Kit de Acabamento B\u00e1sico, e outros que eventualmente estiverem dispon\u00edveis no momento da aquisi\u00e7\u00e3o e que far\u00e3o parte do contrato de compra do im\u00f3vel.<\/i><\/li>\n    <li><i>A integra\u00e7\u00e3o da varanda ser\u00e1 viabilizada pela parte estrutural da edifica\u00e7\u00e3o, com a possibilidade de remo\u00e7\u00e3o da parede que divide a sala com a varanda. No entanto, a legisla\u00e7\u00e3o poder\u00e1 inviabilizar a altera\u00e7\u00e3o, que ser\u00e1 de responsabilidade exclusiva do comprador(a)(es).<\/i><\/li>\n    <li><i>A previs\u00e3o para Aquecedor a G\u00e1s da \u00e1gua do chuveiro contar\u00e1 somente com as tubula\u00e7\u00f5es de \u00e1gua e ramifica\u00e7\u00e3o de g\u00e1s para futura instala\u00e7\u00e3o do aparelho e componentes pelo propriet\u00e1rio.<\/i><\/li>\n    <li><i>A previs\u00e3o para os pontos de Ar-condicionado (1 ponto por dormit\u00f3rio e 1 ponto na sala) seguir\u00e1 o projeto espec\u00edfico. Ser\u00e1 instalado um ponto de dreno e a previs\u00e3o para passagem de tubula\u00e7\u00e3o (tubula\u00e7\u00e3o seca) de cobre e fia\u00e7\u00e3o, que dever\u00e1 ser feita pelo comprador. Poder\u00e3o ser alteradas as indica\u00e7\u00f5es dos locais apontados nos materiais publicit\u00e1rios, conforme necessidades dos projetos complementares ou durante a execu\u00e7\u00e3o da obra.<\/i><\/li>\n    <li><i>O empreendimento contar\u00e1 com reserva de \u00e1gua com volume total de 215.000 litros, em conformidade com as diretrizes da concession\u00e1ria local de abastecimento. A implanta\u00e7\u00e3o da reserva ser\u00e1 executada conforme projeto espec\u00edfico, em conformidade com as regras da concession\u00e1ria competente, podendo ser adotada uma ou mais metodologias construtivas, dentre as quais se incluem: a) conjunto de caixas d\u2019\u00e1gua superficiais e aparentes em \u00e1reas descobertas; b) castelos d\u2019\u00e1gua; c) reservat\u00f3rios superiores incorporados \u00e0s edifica\u00e7\u00f5es; e\/ou d) reservat\u00f3rios inferiores subterr\u00e2neos.<\/i><\/li>\n    <li><i>O empreendimento contar\u00e1 com ponto destinado a sistema de lavagem veicular (Car Wash), cuja implanta\u00e7\u00e3o observar\u00e1 solu\u00e7\u00e3o t\u00e9cnica com reaproveitamento de \u00e1gua, conforme projeto espec\u00edfico a ser definido em fase de obra. O sistema poder\u00e1 utilizar \u00e1gua de reuso, oriunda de diferentes fontes ou processos, tais como: a) reaproveitamento de \u00e1guas pluviais; b) reaproveitamento de \u00e1guas cinzas ou tratadas; c) recircula\u00e7\u00e3o de \u00e1gua ap\u00f3s o processo de lavagem; ou d) outras solu\u00e7\u00f5es tecnicamente vi\u00e1veis e em conformidade com as normas ambientais e exig\u00eancias dos \u00f3rg\u00e3os competentes.<\/i><\/li>\n    <li><i>O conceito de Condom\u00ednio Econ\u00f4mico por ser concebido como um empreendimento compacto, funcional sem a necessidade de utiliza\u00e7\u00e3o de funcion\u00e1rios de portaria, zeladoria ou limpeza fixa. Por\u00e9m, o custo final depender\u00e1 exclusivamente das decis\u00f5es do condom\u00ednio para sua opera\u00e7\u00e3o, sem nenhuma responsabilidade quanto ao valor atingido pela construtora.<\/i><\/li>\n<\/ol>\t\t\t\t\t\t\t\t<\/div>\n\t\t\t\t<\/div>\n\t\t\t\t<\/div>\n\t\t","protected":false},"excerpt":{"rendered":"<p>TERMOS E ESPECIFICA\u00c7\u00d5ES Todas as imagens e perspectivas s\u00e3o meramente ilustrativas, podendo sofrer altera\u00e7\u00f5es, inclusive quanto \u00e0 forma, cor, textura e tamanho, prevalece o exposto no memorial de incorpora\u00e7\u00e3o, memoriais descritivos da institui\u00e7\u00e3o financeira (se for o caso), memorial descritivo do contrato e projeto aprovado pela municipalidade. O mobili\u00e1rio \u00e9 meramente sugestivo e ilustrativo, n\u00e3o [&hellip;]<\/p>\n","protected":false},"author":1,"featured_media":0,"parent":0,"menu_order":0,"comment_status":"closed","ping_status":"closed","template":"elementor_header_footer","meta":{"inline_featured_image":false,"footnotes":""},"class_list":["post-571","page","type-page","status-publish","hentry"],"yoast_head":"<!-- This site is optimized with the Yoast SEO Premium plugin v26.1 (Yoast SEO v27.2) - https:\/\/yoast.com\/product\/yoast-seo-premium-wordpress\/ -->\n<title>Termos e Especifica\u00e7\u00f5es - Aurum Brasil<\/title>\n<meta name=\"robots\" content=\"index, follow, max-snippet:-1, max-image-preview:large, max-video-preview:-1\" \/>\n<link rel=\"canonical\" href=\"https:\/\/www.vertaz.com.br\/aurum-brasil\/termos-e-especificacoes\/\" \/>\n<meta property=\"og:locale\" content=\"en_US\" \/>\n<meta property=\"og:type\" content=\"article\" \/>\n<meta property=\"og:title\" content=\"Termos e Especifica\u00e7\u00f5es\" \/>\n<meta property=\"og:description\" content=\"TERMOS E ESPECIFICA\u00c7\u00d5ES Todas as imagens e perspectivas s\u00e3o meramente ilustrativas, podendo sofrer altera\u00e7\u00f5es, inclusive quanto \u00e0 forma, cor, textura e tamanho, prevalece o exposto no memorial de incorpora\u00e7\u00e3o, memoriais descritivos da institui\u00e7\u00e3o financeira (se for o caso), memorial descritivo do contrato e projeto aprovado pela municipalidade. O mobili\u00e1rio \u00e9 meramente sugestivo e ilustrativo, n\u00e3o [&hellip;]\" \/>\n<meta property=\"og:url\" content=\"https:\/\/www.vertaz.com.br\/aurum-brasil\/termos-e-especificacoes\/\" \/>\n<meta property=\"og:site_name\" content=\"Aurum Brasil\" \/>\n<meta property=\"article:modified_time\" content=\"2025-12-11T22:43:49+00:00\" \/>\n<meta name=\"twitter:card\" content=\"summary_large_image\" \/>\n<meta name=\"twitter:label1\" content=\"Est. reading time\" \/>\n\t<meta name=\"twitter:data1\" content=\"3 minutes\" \/>\n<script type=\"application\/ld+json\" class=\"yoast-schema-graph\">{\"@context\":\"https:\/\/schema.org\",\"@graph\":[{\"@type\":\"WebPage\",\"@id\":\"https:\/\/www.vertaz.com.br\/aurum-brasil\/termos-e-especificacoes\/\",\"url\":\"https:\/\/www.vertaz.com.br\/aurum-brasil\/termos-e-especificacoes\/\",\"name\":\"Termos e Especifica\u00e7\u00f5es - Aurum Brasil\",\"isPartOf\":{\"@id\":\"https:\/\/www.vertaz.com.br\/aurum-brasil\/#website\"},\"datePublished\":\"2025-12-11T22:41:39+00:00\",\"dateModified\":\"2025-12-11T22:43:49+00:00\",\"breadcrumb\":{\"@id\":\"https:\/\/www.vertaz.com.br\/aurum-brasil\/termos-e-especificacoes\/#breadcrumb\"},\"inLanguage\":\"en-US\",\"potentialAction\":[{\"@type\":\"ReadAction\",\"target\":[\"https:\/\/www.vertaz.com.br\/aurum-brasil\/termos-e-especificacoes\/\"]}]},{\"@type\":\"BreadcrumbList\",\"@id\":\"https:\/\/www.vertaz.com.br\/aurum-brasil\/termos-e-especificacoes\/#breadcrumb\",\"itemListElement\":[{\"@type\":\"ListItem\",\"position\":1,\"name\":\"Home\",\"item\":\"https:\/\/www.vertaz.com.br\/aurum-brasil\/\"},{\"@type\":\"ListItem\",\"position\":2,\"name\":\"Termos e Especifica\u00e7\u00f5es\"}]},{\"@type\":\"WebSite\",\"@id\":\"https:\/\/www.vertaz.com.br\/aurum-brasil\/#website\",\"url\":\"https:\/\/www.vertaz.com.br\/aurum-brasil\/\",\"name\":\"Aurum Brasil\",\"description\":\"\",\"potentialAction\":[{\"@type\":\"SearchAction\",\"target\":{\"@type\":\"EntryPoint\",\"urlTemplate\":\"https:\/\/www.vertaz.com.br\/aurum-brasil\/?s={search_term_string}\"},\"query-input\":{\"@type\":\"PropertyValueSpecification\",\"valueRequired\":true,\"valueName\":\"search_term_string\"}}],\"inLanguage\":\"en-US\"}]}<\/script>\n<!-- \/ Yoast SEO Premium plugin. -->","yoast_head_json":{"title":"Termos e Especifica\u00e7\u00f5es - Aurum Brasil","robots":{"index":"index","follow":"follow","max-snippet":"max-snippet:-1","max-image-preview":"max-image-preview:large","max-video-preview":"max-video-preview:-1"},"canonical":"https:\/\/www.vertaz.com.br\/aurum-brasil\/termos-e-especificacoes\/","og_locale":"en_US","og_type":"article","og_title":"Termos e Especifica\u00e7\u00f5es","og_description":"TERMOS E ESPECIFICA\u00c7\u00d5ES Todas as imagens e perspectivas s\u00e3o meramente ilustrativas, podendo sofrer altera\u00e7\u00f5es, inclusive quanto \u00e0 forma, cor, textura e tamanho, prevalece o exposto no memorial de incorpora\u00e7\u00e3o, memoriais descritivos da institui\u00e7\u00e3o financeira (se for o caso), memorial descritivo do contrato e projeto aprovado pela municipalidade. O mobili\u00e1rio \u00e9 meramente sugestivo e ilustrativo, n\u00e3o [&hellip;]","og_url":"https:\/\/www.vertaz.com.br\/aurum-brasil\/termos-e-especificacoes\/","og_site_name":"Aurum Brasil","article_modified_time":"2025-12-11T22:43:49+00:00","twitter_card":"summary_large_image","twitter_misc":{"Est. reading time":"3 minutes"},"schema":{"@context":"https:\/\/schema.org","@graph":[{"@type":"WebPage","@id":"https:\/\/www.vertaz.com.br\/aurum-brasil\/termos-e-especificacoes\/","url":"https:\/\/www.vertaz.com.br\/aurum-brasil\/termos-e-especificacoes\/","name":"Termos e Especifica\u00e7\u00f5es - Aurum Brasil","isPartOf":{"@id":"https:\/\/www.vertaz.com.br\/aurum-brasil\/#website"},"datePublished":"2025-12-11T22:41:39+00:00","dateModified":"2025-12-11T22:43:49+00:00","breadcrumb":{"@id":"https:\/\/www.vertaz.com.br\/aurum-brasil\/termos-e-especificacoes\/#breadcrumb"},"inLanguage":"en-US","potentialAction":[{"@type":"ReadAction","target":["https:\/\/www.vertaz.com.br\/aurum-brasil\/termos-e-especificacoes\/"]}]},{"@type":"BreadcrumbList","@id":"https:\/\/www.vertaz.com.br\/aurum-brasil\/termos-e-especificacoes\/#breadcrumb","itemListElement":[{"@type":"ListItem","position":1,"name":"Home","item":"https:\/\/www.vertaz.com.br\/aurum-brasil\/"},{"@type":"ListItem","position":2,"name":"Termos e Especifica\u00e7\u00f5es"}]},{"@type":"WebSite","@id":"https:\/\/www.vertaz.com.br\/aurum-brasil\/#website","url":"https:\/\/www.vertaz.com.br\/aurum-brasil\/","name":"Aurum Brasil","description":"","potentialAction":[{"@type":"SearchAction","target":{"@type":"EntryPoint","urlTemplate":"https:\/\/www.vertaz.com.br\/aurum-brasil\/?s={search_term_string}"},"query-input":{"@type":"PropertyValueSpecification","valueRequired":true,"valueName":"search_term_string"}}],"inLanguage":"en-US"}]}},"_links":{"self":[{"href":"https:\/\/www.vertaz.com.br\/aurum-brasil\/wp-json\/wp\/v2\/pages\/571","targetHints":{"allow":["GET"]}}],"collection":[{"href":"https:\/\/www.vertaz.com.br\/aurum-brasil\/wp-json\/wp\/v2\/pages"}],"about":[{"href":"https:\/\/www.vertaz.com.br\/aurum-brasil\/wp-json\/wp\/v2\/types\/page"}],"author":[{"embeddable":true,"href":"https:\/\/www.vertaz.com.br\/aurum-brasil\/wp-json\/wp\/v2\/users\/1"}],"replies":[{"embeddable":true,"href":"https:\/\/www.vertaz.com.br\/aurum-brasil\/wp-json\/wp\/v2\/comments?post=571"}],"version-history":[{"count":4,"href":"https:\/\/www.vertaz.com.br\/aurum-brasil\/wp-json\/wp\/v2\/pages\/571\/revisions"}],"predecessor-version":[{"id":575,"href":"https:\/\/www.vertaz.com.br\/aurum-brasil\/wp-json\/wp\/v2\/pages\/571\/revisions\/575"}],"wp:attachment":[{"href":"https:\/\/www.vertaz.com.br\/aurum-brasil\/wp-json\/wp\/v2\/media?parent=571"}],"curies":[{"name":"wp","href":"https:\/\/api.w.org\/{rel}","templated":true}]}}